{"id":2401,"date":"2025-02-12T22:23:59","date_gmt":"2025-02-12T21:23:59","guid":{"rendered":"https:\/\/katolik.zgora.pl\/wp\/?page_id=2401"},"modified":"2025-02-24T23:06:45","modified_gmt":"2025-02-24T22:06:45","slug":"nasze-przerwy","status":"publish","type":"page","link":"https:\/\/katolik.zgora.pl\/wp\/nasza-szkola-prezentacja\/nasze-przerwy\/","title":{"rendered":"Nasze przerwy"},"content":{"rendered":"<div class=\"wp-block-image\">\n<figure class=\"aligncenter size-full is-resized\"><img loading=\"lazy\" decoding=\"async\" width=\"700\" height=\"1050\" src=\"https:\/\/katolik.zgora.pl\/wp\/wp-content\/uploads\/2025\/02\/Przerwy_4183.jpg\" alt=\"\" class=\"wp-image-2403\" style=\"width:840px;height:auto\" srcset=\"https:\/\/katolik.zgora.pl\/wp\/wp-content\/uploads\/2025\/02\/Przerwy_4183.jpg 700w, https:\/\/katolik.zgora.pl\/wp\/wp-content\/uploads\/2025\/02\/Przerwy_4183-200x300.jpg 200w, https:\/\/katolik.zgora.pl\/wp\/wp-content\/uploads\/2025\/02\/Przerwy_4183-683x1024.jpg 683w\" sizes=\"auto, (max-width: 700px) 100vw, 700px\" \/><\/figure>\n<\/div>\n\n\n<p><\/p>\n\n\n\n<p>Chcemy, by nasi uczniowie <strong>efektywnie i stosownie do potrzeb wiekowych<\/strong> mogli sp\u0119dza\u0107 przerwy, <strong>nawi\u0105zuj\u0105c relacje<\/strong>, <strong>pog\u0142\u0119biaj\u0105c wiedz\u0119<\/strong> i <strong>bawi\u0105c si\u0119<\/strong> \u2013 bez wpatrywania si\u0119 w smartfony.<\/p>\n\n\n\n<p>&#8211; nasi wychowankowie gremialnie korzystaj\u0105 z <em><strong>aktywnych przerw<\/strong><\/em>, kt\u00f3re obejmuj\u0105 dwie najd\u0142u\u017csze z nich &#8211; wtedy pod opiek\u0105 naszych nauczycieli wychowania fizycznego mog\u0105 sp\u0119dza\u0107 czas na sali gimnastycznej,<\/p>\n\n\n\n<p>&#8211; ch\u0119tni maj\u0105 do dyspozycji <em><strong>pi\u0142karzyki<\/strong><\/em> usytuowane na korytarzach,<\/p>\n\n\n\n<p>&#8211; dost\u0119pne s\u0105 r\u00f3wnie\u017c inne rozwijaj\u0105ce <strong>gry sprawno\u015bciowe<\/strong>,<\/p>\n\n\n\n<p>&#8211; dysponujemy te\u017c <strong>grami pod\u0142ogowymi<\/strong>,<\/p>\n\n\n\n<p>&#8211; mi\u0142o\u015bnicy swobodnych rozm\u00f3w mog\u0105 mi\u0142o sp\u0119dzi\u0107 czas na wygodnych pufach.<\/p>\n\n\n\n<figure class=\"wp-block-gallery has-nested-images columns-2 is-cropped wp-block-gallery-1 is-layout-flex wp-block-gallery-is-layout-flex\">\n<figure data-wp-context=\"{&quot;imageId&quot;:&quot;69d5198f38060&quot;}\" data-wp-interactive=\"core\/image\" data-wp-key=\"69d5198f38060\" class=\"wp-block-image size-full wp-lightbox-container\"><img loading=\"lazy\" decoding=\"async\" width=\"700\" height=\"825\" data-wp-class--hide=\"state.isContentHidden\" data-wp-class--show=\"state.isContentVisible\" data-wp-init=\"callbacks.setButtonStyles\" data-wp-on--click=\"actions.showLightbox\" data-wp-on--load=\"callbacks.setButtonStyles\" data-wp-on-window--resize=\"callbacks.setButtonStyles\" data-id=\"2405\" src=\"https:\/\/katolik.zgora.pl\/wp\/wp-content\/uploads\/2025\/02\/Przerwy_9147.jpg\" alt=\"\" class=\"wp-image-2405\" srcset=\"https:\/\/katolik.zgora.pl\/wp\/wp-content\/uploads\/2025\/02\/Przerwy_9147.jpg 700w, https:\/\/katolik.zgora.pl\/wp\/wp-content\/uploads\/2025\/02\/Przerwy_9147-255x300.jpg 255w\" sizes=\"auto, (max-width: 700px) 100vw, 700px\" \/><button\n\t\t\tclass=\"lightbox-trigger\"\n\t\t\ttype=\"button\"\n\t\t\taria-haspopup=\"dialog\"\n\t\t\taria-label=\"Powi\u0119ksz\"\n\t\t\tdata-wp-init=\"callbacks.initTriggerButton\"\n\t\t\tdata-wp-on--click=\"actions.showLightbox\"\n\t\t\tdata-wp-style--right=\"state.imageButtonRight\"\n\t\t\tdata-wp-style--top=\"state.imageButtonTop\"\n\t\t>\n\t\t\t<svg xmlns=\"http:\/\/www.w3.org\/2000\/svg\" width=\"12\" height=\"12\" fill=\"none\" viewBox=\"0 0 12 12\">\n\t\t\t\t<path fill=\"#fff\" d=\"M2 0a2 2 0 0 0-2 2v2h1.5V2a.5.5 0 0 1 .5-.5h2V0H2Zm2 10.5H2a.5.5 0 0 1-.5-.5V8H0v2a2 2 0 0 0 2 2h2v-1.5ZM8 12v-1.5h2a.5.5 0 0 0 .5-.5V8H12v2a2 2 0 0 1-2 2H8Zm2-12a2 2 0 0 1 2 2v2h-1.5V2a.5.5 0 0 0-.5-.5H8V0h2Z\" \/>\n\t\t\t<\/svg>\n\t\t<\/button><\/figure>\n\n\n\n<figure data-wp-context=\"{&quot;imageId&quot;:&quot;69d5198f38444&quot;}\" data-wp-interactive=\"core\/image\" data-wp-key=\"69d5198f38444\" class=\"wp-block-image size-full wp-lightbox-container\"><img loading=\"lazy\" decoding=\"async\" width=\"700\" height=\"1050\" data-wp-class--hide=\"state.isContentHidden\" data-wp-class--show=\"state.isContentVisible\" data-wp-init=\"callbacks.setButtonStyles\" data-wp-on--click=\"actions.showLightbox\" data-wp-on--load=\"callbacks.setButtonStyles\" data-wp-on-window--resize=\"callbacks.setButtonStyles\" data-id=\"2408\" src=\"https:\/\/katolik.zgora.pl\/wp\/wp-content\/uploads\/2025\/02\/Przerwy_9157.jpg\" alt=\"\" class=\"wp-image-2408\" srcset=\"https:\/\/katolik.zgora.pl\/wp\/wp-content\/uploads\/2025\/02\/Przerwy_9157.jpg 700w, https:\/\/katolik.zgora.pl\/wp\/wp-content\/uploads\/2025\/02\/Przerwy_9157-200x300.jpg 200w, https:\/\/katolik.zgora.pl\/wp\/wp-content\/uploads\/2025\/02\/Przerwy_9157-683x1024.jpg 683w\" sizes=\"auto, (max-width: 700px) 100vw, 700px\" \/><button\n\t\t\tclass=\"lightbox-trigger\"\n\t\t\ttype=\"button\"\n\t\t\taria-haspopup=\"dialog\"\n\t\t\taria-label=\"Powi\u0119ksz\"\n\t\t\tdata-wp-init=\"callbacks.initTriggerButton\"\n\t\t\tdata-wp-on--click=\"actions.showLightbox\"\n\t\t\tdata-wp-style--right=\"state.imageButtonRight\"\n\t\t\tdata-wp-style--top=\"state.imageButtonTop\"\n\t\t>\n\t\t\t<svg xmlns=\"http:\/\/www.w3.org\/2000\/svg\" width=\"12\" height=\"12\" fill=\"none\" viewBox=\"0 0 12 12\">\n\t\t\t\t<path fill=\"#fff\" d=\"M2 0a2 2 0 0 0-2 2v2h1.5V2a.5.5 0 0 1 .5-.5h2V0H2Zm2 10.5H2a.5.5 0 0 1-.5-.5V8H0v2a2 2 0 0 0 2 2h2v-1.5ZM8 12v-1.5h2a.5.5 0 0 0 .5-.5V8H12v2a2 2 0 0 1-2 2H8Zm2-12a2 2 0 0 1 2 2v2h-1.5V2a.5.5 0 0 0-.5-.5H8V0h2Z\" \/>\n\t\t\t<\/svg>\n\t\t<\/button><\/figure>\n\n\n\n<figure data-wp-context=\"{&quot;imageId&quot;:&quot;69d5198f38818&quot;}\" data-wp-interactive=\"core\/image\" data-wp-key=\"69d5198f38818\" class=\"wp-block-image size-full wp-lightbox-container\"><img loading=\"lazy\" decoding=\"async\" width=\"700\" height=\"467\" data-wp-class--hide=\"state.isContentHidden\" data-wp-class--show=\"state.isContentVisible\" data-wp-init=\"callbacks.setButtonStyles\" data-wp-on--click=\"actions.showLightbox\" data-wp-on--load=\"callbacks.setButtonStyles\" data-wp-on-window--resize=\"callbacks.setButtonStyles\" data-id=\"2407\" src=\"https:\/\/katolik.zgora.pl\/wp\/wp-content\/uploads\/2025\/02\/Przerwy_9156.jpg\" alt=\"\" class=\"wp-image-2407\" srcset=\"https:\/\/katolik.zgora.pl\/wp\/wp-content\/uploads\/2025\/02\/Przerwy_9156.jpg 700w, https:\/\/katolik.zgora.pl\/wp\/wp-content\/uploads\/2025\/02\/Przerwy_9156-300x200.jpg 300w\" sizes=\"auto, (max-width: 700px) 100vw, 700px\" \/><button\n\t\t\tclass=\"lightbox-trigger\"\n\t\t\ttype=\"button\"\n\t\t\taria-haspopup=\"dialog\"\n\t\t\taria-label=\"Powi\u0119ksz\"\n\t\t\tdata-wp-init=\"callbacks.initTriggerButton\"\n\t\t\tdata-wp-on--click=\"actions.showLightbox\"\n\t\t\tdata-wp-style--right=\"state.imageButtonRight\"\n\t\t\tdata-wp-style--top=\"state.imageButtonTop\"\n\t\t>\n\t\t\t<svg xmlns=\"http:\/\/www.w3.org\/2000\/svg\" width=\"12\" height=\"12\" fill=\"none\" viewBox=\"0 0 12 12\">\n\t\t\t\t<path fill=\"#fff\" d=\"M2 0a2 2 0 0 0-2 2v2h1.5V2a.5.5 0 0 1 .5-.5h2V0H2Zm2 10.5H2a.5.5 0 0 1-.5-.5V8H0v2a2 2 0 0 0 2 2h2v-1.5ZM8 12v-1.5h2a.5.5 0 0 0 .5-.5V8H12v2a2 2 0 0 1-2 2H8Zm2-12a2 2 0 0 1 2 2v2h-1.5V2a.5.5 0 0 0-.5-.5H8V0h2Z\" \/>\n\t\t\t<\/svg>\n\t\t<\/button><\/figure>\n\n\n\n<figure data-wp-context=\"{&quot;imageId&quot;:&quot;69d5198f38b58&quot;}\" data-wp-interactive=\"core\/image\" data-wp-key=\"69d5198f38b58\" class=\"wp-block-image size-full wp-lightbox-container\"><img loading=\"lazy\" decoding=\"async\" width=\"700\" height=\"467\" data-wp-class--hide=\"state.isContentHidden\" data-wp-class--show=\"state.isContentVisible\" data-wp-init=\"callbacks.setButtonStyles\" data-wp-on--click=\"actions.showLightbox\" data-wp-on--load=\"callbacks.setButtonStyles\" data-wp-on-window--resize=\"callbacks.setButtonStyles\" data-id=\"2410\" src=\"https:\/\/katolik.zgora.pl\/wp\/wp-content\/uploads\/2025\/02\/Przerwy_9240.jpg\" alt=\"\" class=\"wp-image-2410\" srcset=\"https:\/\/katolik.zgora.pl\/wp\/wp-content\/uploads\/2025\/02\/Przerwy_9240.jpg 700w, https:\/\/katolik.zgora.pl\/wp\/wp-content\/uploads\/2025\/02\/Przerwy_9240-300x200.jpg 300w\" sizes=\"auto, (max-width: 700px) 100vw, 700px\" \/><button\n\t\t\tclass=\"lightbox-trigger\"\n\t\t\ttype=\"button\"\n\t\t\taria-haspopup=\"dialog\"\n\t\t\taria-label=\"Powi\u0119ksz\"\n\t\t\tdata-wp-init=\"callbacks.initTriggerButton\"\n\t\t\tdata-wp-on--click=\"actions.showLightbox\"\n\t\t\tdata-wp-style--right=\"state.imageButtonRight\"\n\t\t\tdata-wp-style--top=\"state.imageButtonTop\"\n\t\t>\n\t\t\t<svg xmlns=\"http:\/\/www.w3.org\/2000\/svg\" width=\"12\" height=\"12\" fill=\"none\" viewBox=\"0 0 12 12\">\n\t\t\t\t<path fill=\"#fff\" d=\"M2 0a2 2 0 0 0-2 2v2h1.5V2a.5.5 0 0 1 .5-.5h2V0H2Zm2 10.5H2a.5.5 0 0 1-.5-.5V8H0v2a2 2 0 0 0 2 2h2v-1.5ZM8 12v-1.5h2a.5.5 0 0 0 .5-.5V8H12v2a2 2 0 0 1-2 2H8Zm2-12a2 2 0 0 1 2 2v2h-1.5V2a.5.5 0 0 0-.5-.5H8V0h2Z\" \/>\n\t\t\t<\/svg>\n\t\t<\/button><\/figure>\n\n\n\n<figure data-wp-context=\"{&quot;imageId&quot;:&quot;69d5198f38e82&quot;}\" data-wp-interactive=\"core\/image\" data-wp-key=\"69d5198f38e82\" class=\"wp-block-image size-full wp-lightbox-container\"><img loading=\"lazy\" decoding=\"async\" width=\"700\" height=\"467\" data-wp-class--hide=\"state.isContentHidden\" data-wp-class--show=\"state.isContentVisible\" data-wp-init=\"callbacks.setButtonStyles\" data-wp-on--click=\"actions.showLightbox\" data-wp-on--load=\"callbacks.setButtonStyles\" data-wp-on-window--resize=\"callbacks.setButtonStyles\" data-id=\"2404\" src=\"https:\/\/katolik.zgora.pl\/wp\/wp-content\/uploads\/2025\/02\/Przerwy_5660.jpg\" alt=\"\" class=\"wp-image-2404\" srcset=\"https:\/\/katolik.zgora.pl\/wp\/wp-content\/uploads\/2025\/02\/Przerwy_5660.jpg 700w, https:\/\/katolik.zgora.pl\/wp\/wp-content\/uploads\/2025\/02\/Przerwy_5660-300x200.jpg 300w\" sizes=\"auto, (max-width: 700px) 100vw, 700px\" \/><button\n\t\t\tclass=\"lightbox-trigger\"\n\t\t\ttype=\"button\"\n\t\t\taria-haspopup=\"dialog\"\n\t\t\taria-label=\"Powi\u0119ksz\"\n\t\t\tdata-wp-init=\"callbacks.initTriggerButton\"\n\t\t\tdata-wp-on--click=\"actions.showLightbox\"\n\t\t\tdata-wp-style--right=\"state.imageButtonRight\"\n\t\t\tdata-wp-style--top=\"state.imageButtonTop\"\n\t\t>\n\t\t\t<svg xmlns=\"http:\/\/www.w3.org\/2000\/svg\" width=\"12\" height=\"12\" fill=\"none\" viewBox=\"0 0 12 12\">\n\t\t\t\t<path fill=\"#fff\" d=\"M2 0a2 2 0 0 0-2 2v2h1.5V2a.5.5 0 0 1 .5-.5h2V0H2Zm2 10.5H2a.5.5 0 0 1-.5-.5V8H0v2a2 2 0 0 0 2 2h2v-1.5ZM8 12v-1.5h2a.5.5 0 0 0 .5-.5V8H12v2a2 2 0 0 1-2 2H8Zm2-12a2 2 0 0 1 2 2v2h-1.5V2a.5.5 0 0 0-.5-.5H8V0h2Z\" \/>\n\t\t\t<\/svg>\n\t\t<\/button><\/figure>\n\n\n\n<figure data-wp-context=\"{&quot;imageId&quot;:&quot;69d5198f39444&quot;}\" data-wp-interactive=\"core\/image\" data-wp-key=\"69d5198f39444\" class=\"wp-block-image size-full wp-lightbox-container\"><img loading=\"lazy\" decoding=\"async\" width=\"700\" height=\"531\" data-wp-class--hide=\"state.isContentHidden\" data-wp-class--show=\"state.isContentVisible\" data-wp-init=\"callbacks.setButtonStyles\" data-wp-on--click=\"actions.showLightbox\" data-wp-on--load=\"callbacks.setButtonStyles\" data-wp-on-window--resize=\"callbacks.setButtonStyles\" data-id=\"2402\" src=\"https:\/\/katolik.zgora.pl\/wp\/wp-content\/uploads\/2025\/02\/Przerwy_28.jpg\" alt=\"\" class=\"wp-image-2402\" srcset=\"https:\/\/katolik.zgora.pl\/wp\/wp-content\/uploads\/2025\/02\/Przerwy_28.jpg 700w, https:\/\/katolik.zgora.pl\/wp\/wp-content\/uploads\/2025\/02\/Przerwy_28-300x228.jpg 300w\" sizes=\"auto, (max-width: 700px) 100vw, 700px\" \/><button\n\t\t\tclass=\"lightbox-trigger\"\n\t\t\ttype=\"button\"\n\t\t\taria-haspopup=\"dialog\"\n\t\t\taria-label=\"Powi\u0119ksz\"\n\t\t\tdata-wp-init=\"callbacks.initTriggerButton\"\n\t\t\tdata-wp-on--click=\"actions.showLightbox\"\n\t\t\tdata-wp-style--right=\"state.imageButtonRight\"\n\t\t\tdata-wp-style--top=\"state.imageButtonTop\"\n\t\t>\n\t\t\t<svg xmlns=\"http:\/\/www.w3.org\/2000\/svg\" width=\"12\" height=\"12\" fill=\"none\" viewBox=\"0 0 12 12\">\n\t\t\t\t<path fill=\"#fff\" d=\"M2 0a2 2 0 0 0-2 2v2h1.5V2a.5.5 0 0 1 .5-.5h2V0H2Zm2 10.5H2a.5.5 0 0 1-.5-.5V8H0v2a2 2 0 0 0 2 2h2v-1.5ZM8 12v-1.5h2a.5.5 0 0 0 .5-.5V8H12v2a2 2 0 0 1-2 2H8Zm2-12a2 2 0 0 1 2 2v2h-1.5V2a.5.5 0 0 0-.5-.5H8V0h2Z\" \/>\n\t\t\t<\/svg>\n\t\t<\/button><\/figure>\n\n\n\n<figure data-wp-context=\"{&quot;imageId&quot;:&quot;69d5198f398bf&quot;}\" data-wp-interactive=\"core\/image\" data-wp-key=\"69d5198f398bf\" class=\"wp-block-image size-full wp-lightbox-container\"><img loading=\"lazy\" decoding=\"async\" width=\"700\" height=\"453\" data-wp-class--hide=\"state.isContentHidden\" data-wp-class--show=\"state.isContentVisible\" data-wp-init=\"callbacks.setButtonStyles\" data-wp-on--click=\"actions.showLightbox\" data-wp-on--load=\"callbacks.setButtonStyles\" data-wp-on-window--resize=\"callbacks.setButtonStyles\" data-id=\"2409\" src=\"https:\/\/katolik.zgora.pl\/wp\/wp-content\/uploads\/2025\/02\/Przerwy_9236.jpg\" alt=\"\" class=\"wp-image-2409\" srcset=\"https:\/\/katolik.zgora.pl\/wp\/wp-content\/uploads\/2025\/02\/Przerwy_9236.jpg 700w, https:\/\/katolik.zgora.pl\/wp\/wp-content\/uploads\/2025\/02\/Przerwy_9236-300x194.jpg 300w\" sizes=\"auto, (max-width: 700px) 100vw, 700px\" \/><button\n\t\t\tclass=\"lightbox-trigger\"\n\t\t\ttype=\"button\"\n\t\t\taria-haspopup=\"dialog\"\n\t\t\taria-label=\"Powi\u0119ksz\"\n\t\t\tdata-wp-init=\"callbacks.initTriggerButton\"\n\t\t\tdata-wp-on--click=\"actions.showLightbox\"\n\t\t\tdata-wp-style--right=\"state.imageButtonRight\"\n\t\t\tdata-wp-style--top=\"state.imageButtonTop\"\n\t\t>\n\t\t\t<svg xmlns=\"http:\/\/www.w3.org\/2000\/svg\" width=\"12\" height=\"12\" fill=\"none\" viewBox=\"0 0 12 12\">\n\t\t\t\t<path fill=\"#fff\" d=\"M2 0a2 2 0 0 0-2 2v2h1.5V2a.5.5 0 0 1 .5-.5h2V0H2Zm2 10.5H2a.5.5 0 0 1-.5-.5V8H0v2a2 2 0 0 0 2 2h2v-1.5ZM8 12v-1.5h2a.5.5 0 0 0 .5-.5V8H12v2a2 2 0 0 1-2 2H8Zm2-12a2 2 0 0 1 2 2v2h-1.5V2a.5.5 0 0 0-.5-.5H8V0h2Z\" \/>\n\t\t\t<\/svg>\n\t\t<\/button><\/figure>\n\n\n\n<figure data-wp-context=\"{&quot;imageId&quot;:&quot;69d5198f39c5e&quot;}\" data-wp-interactive=\"core\/image\" data-wp-key=\"69d5198f39c5e\" class=\"wp-block-image size-large wp-lightbox-container\"><img loading=\"lazy\" decoding=\"async\" width=\"700\" height=\"525\" data-wp-class--hide=\"state.isContentHidden\" data-wp-class--show=\"state.isContentVisible\" data-wp-init=\"callbacks.setButtonStyles\" data-wp-on--click=\"actions.showLightbox\" data-wp-on--load=\"callbacks.setButtonStyles\" data-wp-on-window--resize=\"callbacks.setButtonStyles\" data-id=\"2552\" src=\"https:\/\/katolik.zgora.pl\/wp\/wp-content\/uploads\/2025\/02\/Przerwy_5575.jpg\" alt=\"\" class=\"wp-image-2552\" srcset=\"https:\/\/katolik.zgora.pl\/wp\/wp-content\/uploads\/2025\/02\/Przerwy_5575.jpg 700w, https:\/\/katolik.zgora.pl\/wp\/wp-content\/uploads\/2025\/02\/Przerwy_5575-600x450.jpg 600w\" sizes=\"auto, (max-width: 700px) 100vw, 700px\" \/><button\n\t\t\tclass=\"lightbox-trigger\"\n\t\t\ttype=\"button\"\n\t\t\taria-haspopup=\"dialog\"\n\t\t\taria-label=\"Powi\u0119ksz\"\n\t\t\tdata-wp-init=\"callbacks.initTriggerButton\"\n\t\t\tdata-wp-on--click=\"actions.showLightbox\"\n\t\t\tdata-wp-style--right=\"state.imageButtonRight\"\n\t\t\tdata-wp-style--top=\"state.imageButtonTop\"\n\t\t>\n\t\t\t<svg xmlns=\"http:\/\/www.w3.org\/2000\/svg\" width=\"12\" height=\"12\" fill=\"none\" viewBox=\"0 0 12 12\">\n\t\t\t\t<path fill=\"#fff\" d=\"M2 0a2 2 0 0 0-2 2v2h1.5V2a.5.5 0 0 1 .5-.5h2V0H2Zm2 10.5H2a.5.5 0 0 1-.5-.5V8H0v2a2 2 0 0 0 2 2h2v-1.5ZM8 12v-1.5h2a.5.5 0 0 0 .5-.5V8H12v2a2 2 0 0 1-2 2H8Zm2-12a2 2 0 0 1 2 2v2h-1.5V2a.5.5 0 0 0-.5-.5H8V0h2Z\" \/>\n\t\t\t<\/svg>\n\t\t<\/button><\/figure>\n\n\n\n<figure data-wp-context=\"{&quot;imageId&quot;:&quot;69d5198f39fc6&quot;}\" data-wp-interactive=\"core\/image\" data-wp-key=\"69d5198f39fc6\" class=\"wp-block-image size-large wp-lightbox-container\"><img loading=\"lazy\" decoding=\"async\" width=\"700\" height=\"497\" data-wp-class--hide=\"state.isContentHidden\" data-wp-class--show=\"state.isContentVisible\" data-wp-init=\"callbacks.setButtonStyles\" data-wp-on--click=\"actions.showLightbox\" data-wp-on--load=\"callbacks.setButtonStyles\" data-wp-on-window--resize=\"callbacks.setButtonStyles\" data-id=\"2550\" src=\"https:\/\/katolik.zgora.pl\/wp\/wp-content\/uploads\/2025\/02\/Przerwy_5463.jpg\" alt=\"\" class=\"wp-image-2550\" srcset=\"https:\/\/katolik.zgora.pl\/wp\/wp-content\/uploads\/2025\/02\/Przerwy_5463.jpg 700w, https:\/\/katolik.zgora.pl\/wp\/wp-content\/uploads\/2025\/02\/Przerwy_5463-600x426.jpg 600w\" sizes=\"auto, (max-width: 700px) 100vw, 700px\" \/><button\n\t\t\tclass=\"lightbox-trigger\"\n\t\t\ttype=\"button\"\n\t\t\taria-haspopup=\"dialog\"\n\t\t\taria-label=\"Powi\u0119ksz\"\n\t\t\tdata-wp-init=\"callbacks.initTriggerButton\"\n\t\t\tdata-wp-on--click=\"actions.showLightbox\"\n\t\t\tdata-wp-style--right=\"state.imageButtonRight\"\n\t\t\tdata-wp-style--top=\"state.imageButtonTop\"\n\t\t>\n\t\t\t<svg xmlns=\"http:\/\/www.w3.org\/2000\/svg\" width=\"12\" height=\"12\" fill=\"none\" viewBox=\"0 0 12 12\">\n\t\t\t\t<path fill=\"#fff\" d=\"M2 0a2 2 0 0 0-2 2v2h1.5V2a.5.5 0 0 1 .5-.5h2V0H2Zm2 10.5H2a.5.5 0 0 1-.5-.5V8H0v2a2 2 0 0 0 2 2h2v-1.5ZM8 12v-1.5h2a.5.5 0 0 0 .5-.5V8H12v2a2 2 0 0 1-2 2H8Zm2-12a2 2 0 0 1 2 2v2h-1.5V2a.5.5 0 0 0-.5-.5H8V0h2Z\" \/>\n\t\t\t<\/svg>\n\t\t<\/button><\/figure>\n\n\n\n<figure data-wp-context=\"{&quot;imageId&quot;:&quot;69d5198f3a394&quot;}\" data-wp-interactive=\"core\/image\" data-wp-key=\"69d5198f3a394\" class=\"wp-block-image size-large wp-lightbox-container\"><img loading=\"lazy\" decoding=\"async\" width=\"525\" height=\"394\" data-wp-class--hide=\"state.isContentHidden\" data-wp-class--show=\"state.isContentVisible\" data-wp-init=\"callbacks.setButtonStyles\" data-wp-on--click=\"actions.showLightbox\" data-wp-on--load=\"callbacks.setButtonStyles\" data-wp-on-window--resize=\"callbacks.setButtonStyles\" data-id=\"2555\" src=\"https:\/\/katolik.zgora.pl\/wp\/wp-content\/uploads\/2025\/02\/Przerwy_5574-edited.jpg\" alt=\"\" class=\"wp-image-2555\"\/><button\n\t\t\tclass=\"lightbox-trigger\"\n\t\t\ttype=\"button\"\n\t\t\taria-haspopup=\"dialog\"\n\t\t\taria-label=\"Powi\u0119ksz\"\n\t\t\tdata-wp-init=\"callbacks.initTriggerButton\"\n\t\t\tdata-wp-on--click=\"actions.showLightbox\"\n\t\t\tdata-wp-style--right=\"state.imageButtonRight\"\n\t\t\tdata-wp-style--top=\"state.imageButtonTop\"\n\t\t>\n\t\t\t<svg xmlns=\"http:\/\/www.w3.org\/2000\/svg\" width=\"12\" height=\"12\" fill=\"none\" viewBox=\"0 0 12 12\">\n\t\t\t\t<path fill=\"#fff\" d=\"M2 0a2 2 0 0 0-2 2v2h1.5V2a.5.5 0 0 1 .5-.5h2V0H2Zm2 10.5H2a.5.5 0 0 1-.5-.5V8H0v2a2 2 0 0 0 2 2h2v-1.5ZM8 12v-1.5h2a.5.5 0 0 0 .5-.5V8H12v2a2 2 0 0 1-2 2H8Zm2-12a2 2 0 0 1 2 2v2h-1.5V2a.5.5 0 0 0-.5-.5H8V0h2Z\" \/>\n\t\t\t<\/svg>\n\t\t<\/button><\/figure>\n<\/figure>\n","protected":false},"excerpt":{"rendered":"<p>Chcemy, by nasi uczniowie efektywnie i stosownie do potrzeb wiekowych mogli sp\u0119dza\u0107 przerwy, nawi\u0105zuj\u0105c relacje, pog\u0142\u0119biaj\u0105c wiedz\u0119 i bawi\u0105c si\u0119 \u2013 bez wpatrywania si\u0119 w smartfony. &#8211; nasi wychowankowie gremialnie korzystaj\u0105 z aktywnych przerw, kt\u00f3re obejmuj\u0105 dwie najd\u0142u\u017csze z nich &#8211; wtedy pod opiek\u0105 naszych nauczycieli wychowania fizycznego mog\u0105 sp\u0119dza\u0107 czas na sali gimnastycznej, &#8211; [&hellip;]<\/p>\n","protected":false},"author":4,"featured_media":0,"parent":2126,"menu_order":0,"comment_status":"closed","ping_status":"closed","template":"","meta":{"footnotes":""},"class_list":["post-2401","page","type-page","status-publish","hentry"],"_links":{"self":[{"href":"https:\/\/katolik.zgora.pl\/wp\/wp-json\/wp\/v2\/pages\/2401","targetHints":{"allow":["GET"]}}],"collection":[{"href":"https:\/\/katolik.zgora.pl\/wp\/wp-json\/wp\/v2\/pages"}],"about":[{"href":"https:\/\/katolik.zgora.pl\/wp\/wp-json\/wp\/v2\/types\/page"}],"author":[{"embeddable":true,"href":"https:\/\/katolik.zgora.pl\/wp\/wp-json\/wp\/v2\/users\/4"}],"replies":[{"embeddable":true,"href":"https:\/\/katolik.zgora.pl\/wp\/wp-json\/wp\/v2\/comments?post=2401"}],"version-history":[{"count":9,"href":"https:\/\/katolik.zgora.pl\/wp\/wp-json\/wp\/v2\/pages\/2401\/revisions"}],"predecessor-version":[{"id":2601,"href":"https:\/\/katolik.zgora.pl\/wp\/wp-json\/wp\/v2\/pages\/2401\/revisions\/2601"}],"up":[{"embeddable":true,"href":"https:\/\/katolik.zgora.pl\/wp\/wp-json\/wp\/v2\/pages\/2126"}],"wp:attachment":[{"href":"https:\/\/katolik.zgora.pl\/wp\/wp-json\/wp\/v2\/media?parent=2401"}],"curies":[{"name":"wp","href":"https:\/\/api.w.org\/{rel}","templated":true}]}}